{"id":7448,"date":"2024-04-02T13:18:31","date_gmt":"2024-04-02T16:18:31","guid":{"rendered":"https:\/\/coberturariomar.com\/?page_id=7448"},"modified":"2024-04-09T15:51:30","modified_gmt":"2024-04-09T18:51:30","slug":"praias","status":"publish","type":"page","link":"https:\/\/coberturariomar.com\/index.php\/praias\/","title":{"rendered":"Praias"},"content":{"rendered":"\t\t<div data-elementor-type=\"wp-page\" data-elementor-id=\"7448\" class=\"elementor elementor-7448\">\n\t\t\t\t<div class=\"elementor-element elementor-element-6456c3ed e-con-full e-flex e-con e-parent\" data-id=\"6456c3ed\" data-element_type=\"container\" data-settings=\"{&quot;background_background&quot;:&quot;classic&quot;}\">\n\t\t<div class=\"elementor-element elementor-element-4544c287 e-con-full e-flex e-con e-child\" data-id=\"4544c287\" data-element_type=\"container\">\n\t\t\t\t<div class=\"elementor-element elementor-element-31790e07 elementor-widget elementor-widget-image\" data-id=\"31790e07\" data-element_type=\"widget\" data-widget_type=\"image.default\">\n\t\t\t\t<div class=\"elementor-widget-container\">\n\t\t\t\t\t\t\t\t\t\t\t\t\t\t\t<img decoding=\"async\" src=\"https:\/\/coberturariomar.com\/wp-content\/uploads\/2024\/04\/praiamacumba.jpg\" title=\"praiamacumba\" alt=\"praiamacumba\" loading=\"lazy\" \/>\t\t\t\t\t\t\t\t\t\t\t\t\t\t\t<\/div>\n\t\t\t\t<\/div>\n\t\t\t\t<\/div>\n\t\t<div class=\"elementor-element elementor-element-3a5bb410 e-con-full e-flex e-con e-child\" data-id=\"3a5bb410\" data-element_type=\"container\">\n\t\t\t\t<div class=\"elementor-element elementor-element-5d6cefea elementor-widget elementor-widget-heading\" data-id=\"5d6cefea\" data-element_type=\"widget\" data-widget_type=\"heading.default\">\n\t\t\t\t<div class=\"elementor-widget-container\">\n\t\t\t\t\t<h1 class=\"elementor-heading-title elementor-size-default\">As Praias<\/h1>\t\t\t\t<\/div>\n\t\t\t\t<\/div>\n\t\t\t\t<div class=\"elementor-element elementor-element-515d7d37 elementor-widget elementor-widget-text-editor\" data-id=\"515d7d37\" data-element_type=\"widget\" data-widget_type=\"text-editor.default\">\n\t\t\t\t<div class=\"elementor-widget-container\">\n\t\t\t\t\t\t\t\t\t<p>Estas s\u00e3o algumas sugest\u00f5es das mais bonitas praias para voc\u00ea conhecer. Todas pr\u00f3prias para banho.<\/p>\t\t\t\t\t\t\t\t<\/div>\n\t\t\t\t<\/div>\n\t\t\t\t<\/div>\n\t\t\t\t<\/div>\n\t\t<div class=\"elementor-element elementor-element-780af877 e-flex e-con-boxed e-con e-parent\" data-id=\"780af877\" data-element_type=\"container\" data-settings=\"{&quot;background_background&quot;:&quot;classic&quot;}\">\n\t\t\t\t\t<div class=\"e-con-inner\">\n\t\t<div class=\"elementor-element elementor-element-35717ca9 e-con-full e-flex e-con e-child\" data-id=\"35717ca9\" data-element_type=\"container\">\n\t\t\t\t<div class=\"elementor-element elementor-element-bfcf5be elementor-widget elementor-widget-heading\" data-id=\"bfcf5be\" data-element_type=\"widget\" data-widget_type=\"heading.default\">\n\t\t\t\t<div class=\"elementor-widget-container\">\n\t\t\t\t\t<h2 class=\"elementor-heading-title elementor-size-default\">PRAIA DA MACUMBA<\/h2>\t\t\t\t<\/div>\n\t\t\t\t<\/div>\n\t\t\t\t<div class=\"elementor-element elementor-element-be78284 elementor-widget elementor-widget-text-editor\" data-id=\"be78284\" data-element_type=\"widget\" data-widget_type=\"text-editor.default\">\n\t\t\t\t<div class=\"elementor-widget-container\">\n\t\t\t\t\t\t\t\t\t<p>\u00c9 a praia em frente \u00e0 cobertura. A praia da Macumba \u00e9 o para\u00edso para os praticantes de longboard e surf devido \u00e0s suas ondas perfeitas. \u00c9 considerada o Hava\u00ed carioca, muitos famosos surfam nessa praia.<\/p><p>A areia \u00e9 fina e branquinha, o mar degrade entre o verde e o azul e \u00e1gua cristalina.<\/p><p>Na parte da manh\u00e3 voc\u00ea vai encontrar op\u00e7\u00f5es de escolinhas de surf para todas as idades.<\/p><p><a href=\"https:\/\/maps.app.goo.gl\/hYF6cX2t8uDbBYBV7\" target=\"_blank\" rel=\"noopener\">Como chegar<\/a><\/p>\t\t\t\t\t\t\t\t<\/div>\n\t\t\t\t<\/div>\n\t\t\t\t<\/div>\n\t\t<div class=\"elementor-element elementor-element-3a65461b e-con-full e-flex e-con e-child\" data-id=\"3a65461b\" data-element_type=\"container\">\n\t\t\t\t<div class=\"elementor-element elementor-element-122b10d3 elementor-widget elementor-widget-image\" data-id=\"122b10d3\" data-element_type=\"widget\" data-widget_type=\"image.default\">\n\t\t\t\t<div class=\"elementor-widget-container\">\n\t\t\t\t\t\t\t\t\t\t\t\t\t\t\t<img fetchpriority=\"high\" decoding=\"async\" width=\"950\" height=\"594\" src=\"https:\/\/coberturariomar.com\/wp-content\/uploads\/2024\/04\/macumba-1024x640.jpeg\" class=\"attachment-large size-large wp-image-7517\" alt=\"\" srcset=\"https:\/\/coberturariomar.com\/wp-content\/uploads\/2024\/04\/macumba-1024x640.jpeg 1024w, https:\/\/coberturariomar.com\/wp-content\/uploads\/2024\/04\/macumba-300x188.jpeg 300w, https:\/\/coberturariomar.com\/wp-content\/uploads\/2024\/04\/macumba-600x375.jpeg 600w, https:\/\/coberturariomar.com\/wp-content\/uploads\/2024\/04\/macumba-1200x750.jpeg 1200w, https:\/\/coberturariomar.com\/wp-content\/uploads\/2024\/04\/macumba.jpeg 1440w\" sizes=\"100vw\" \/>\t\t\t\t\t\t\t\t\t\t\t\t\t\t\t<\/div>\n\t\t\t\t<\/div>\n\t\t\t\t<\/div>\n\t\t\t\t\t<\/div>\n\t\t\t\t<\/div>\n\t\t<div class=\"elementor-element elementor-element-25246dbb e-flex e-con-boxed e-con e-parent\" data-id=\"25246dbb\" data-element_type=\"container\" data-settings=\"{&quot;background_background&quot;:&quot;classic&quot;}\">\n\t\t\t\t\t<div class=\"e-con-inner\">\n\t\t<div class=\"elementor-element elementor-element-28adddbb e-con-full e-flex e-con e-child\" data-id=\"28adddbb\" data-element_type=\"container\">\n\t\t\t\t<div class=\"elementor-element elementor-element-7a164994 elementor-widget elementor-widget-heading\" data-id=\"7a164994\" data-element_type=\"widget\" data-widget_type=\"heading.default\">\n\t\t\t\t<div class=\"elementor-widget-container\">\n\t\t\t\t\t<h2 class=\"elementor-heading-title elementor-size-default\">PRAIA DA PRAINHA<\/h2>\t\t\t\t<\/div>\n\t\t\t\t<\/div>\n\t\t\t\t<div class=\"elementor-element elementor-element-85165d3 elementor-widget elementor-widget-text-editor\" data-id=\"85165d3\" data-element_type=\"widget\" data-widget_type=\"text-editor.default\">\n\t\t\t\t<div class=\"elementor-widget-container\">\n\t\t\t\t\t\t\t\t\t<p>Localizada a 10min de carro da cobertura. A Prainha \u00e9 uma enseada cercada pela mata Atl\u00e2ntica, com areia branca e mar de \u00e1guas cristalinas, uma das mais belas paisagens naturais do Rio de Janeiro.<\/p><p>A Prainha est\u00e1 localizada dentro de uma \u00e1rea de prote\u00e7\u00e3o ambiental, o Parque Municipal da Prainha.<\/p><p>S\u00f3 o percurso para chegar na Prainha, por sua beleza, j\u00e1 vale a visita. Mas chegue bem cedo, o estacionamento \u00e9 pequeno e enche r\u00e1pido.<\/p><p><a href=\"https:\/\/maps.app.goo.gl\/b2gVDbsobDfQ17L77\" target=\"_blank\" rel=\"noopener\">Como chegar<\/a><\/p>\t\t\t\t\t\t\t\t<\/div>\n\t\t\t\t<\/div>\n\t\t\t\t<\/div>\n\t\t<div class=\"elementor-element elementor-element-6e3aea63 e-con-full e-flex e-con e-child\" data-id=\"6e3aea63\" data-element_type=\"container\">\n\t\t\t\t<div class=\"elementor-element elementor-element-63a57c77 elementor-widget elementor-widget-image\" data-id=\"63a57c77\" data-element_type=\"widget\" data-widget_type=\"image.default\">\n\t\t\t\t<div class=\"elementor-widget-container\">\n\t\t\t\t\t\t\t\t\t\t\t\t\t\t\t<img decoding=\"async\" width=\"950\" height=\"594\" src=\"https:\/\/coberturariomar.com\/wp-content\/uploads\/2024\/04\/prainha-1024x640.jpg\" class=\"attachment-large size-large wp-image-7472\" alt=\"\" srcset=\"https:\/\/coberturariomar.com\/wp-content\/uploads\/2024\/04\/prainha-1024x640.jpg 1024w, https:\/\/coberturariomar.com\/wp-content\/uploads\/2024\/04\/prainha-300x188.jpg 300w, https:\/\/coberturariomar.com\/wp-content\/uploads\/2024\/04\/prainha-600x375.jpg 600w, https:\/\/coberturariomar.com\/wp-content\/uploads\/2024\/04\/prainha-1200x750.jpg 1200w, https:\/\/coberturariomar.com\/wp-content\/uploads\/2024\/04\/prainha.jpg 1440w\" sizes=\"100vw\" \/>\t\t\t\t\t\t\t\t\t\t\t\t\t\t\t<\/div>\n\t\t\t\t<\/div>\n\t\t\t\t<\/div>\n\t\t\t\t\t<\/div>\n\t\t\t\t<\/div>\n\t\t<div class=\"elementor-element elementor-element-c2293ce e-flex e-con-boxed e-con e-parent\" data-id=\"c2293ce\" data-element_type=\"container\" data-settings=\"{&quot;background_background&quot;:&quot;classic&quot;}\">\n\t\t\t\t\t<div class=\"e-con-inner\">\n\t\t<div class=\"elementor-element elementor-element-30217a0 e-con-full e-flex e-con e-child\" data-id=\"30217a0\" data-element_type=\"container\">\n\t\t\t\t<div class=\"elementor-element elementor-element-a16bdff elementor-widget elementor-widget-heading\" data-id=\"a16bdff\" data-element_type=\"widget\" data-widget_type=\"heading.default\">\n\t\t\t\t<div class=\"elementor-widget-container\">\n\t\t\t\t\t<h2 class=\"elementor-heading-title elementor-size-default\">PRAIA DO SECRETO<\/h2>\t\t\t\t<\/div>\n\t\t\t\t<\/div>\n\t\t\t\t<div class=\"elementor-element elementor-element-6a72ce9 elementor-widget elementor-widget-text-editor\" data-id=\"6a72ce9\" data-element_type=\"widget\" data-widget_type=\"text-editor.default\">\n\t\t\t\t<div class=\"elementor-widget-container\">\n\t\t\t\t\t\t\t\t\t<p>Para chegar \u00e9 preciso fazer uma trilha curta de dificuldade moderada &#8211; n\u00e3o recomendado para crian\u00e7as ou pessoas com dificuldade de locomo\u00e7\u00e3o.<\/p><p>V\u00e1 na mar\u00e9 baixa pois na mar\u00e9 alta pode ficar perigoso. N\u00e3o v\u00e1 em dias chuvosos pois a pedra molhada pode ficar escorregadia.<\/p><div><a href=\"https:\/\/maps.app.goo.gl\/GpH7mHrYETgq9gwb6\" target=\"_blank\" rel=\"noopener\">Como chegar<\/a><\/div>\t\t\t\t\t\t\t\t<\/div>\n\t\t\t\t<\/div>\n\t\t\t\t<\/div>\n\t\t<div class=\"elementor-element elementor-element-cb0b4e4 e-con-full e-flex e-con e-child\" data-id=\"cb0b4e4\" data-element_type=\"container\">\n\t\t\t\t<div class=\"elementor-element elementor-element-901452a elementor-widget elementor-widget-image\" data-id=\"901452a\" data-element_type=\"widget\" data-widget_type=\"image.default\">\n\t\t\t\t<div class=\"elementor-widget-container\">\n\t\t\t\t\t\t\t\t\t\t\t\t\t\t\t<img decoding=\"async\" width=\"950\" height=\"594\" src=\"https:\/\/coberturariomar.com\/wp-content\/uploads\/2024\/04\/secreto-1024x640.jpg\" class=\"attachment-large size-large wp-image-7473\" alt=\"\" srcset=\"https:\/\/coberturariomar.com\/wp-content\/uploads\/2024\/04\/secreto-1024x640.jpg 1024w, https:\/\/coberturariomar.com\/wp-content\/uploads\/2024\/04\/secreto-300x188.jpg 300w, https:\/\/coberturariomar.com\/wp-content\/uploads\/2024\/04\/secreto-600x375.jpg 600w, https:\/\/coberturariomar.com\/wp-content\/uploads\/2024\/04\/secreto-1200x750.jpg 1200w, https:\/\/coberturariomar.com\/wp-content\/uploads\/2024\/04\/secreto.jpg 1440w\" sizes=\"100vw\" \/>\t\t\t\t\t\t\t\t\t\t\t\t\t\t\t<\/div>\n\t\t\t\t<\/div>\n\t\t\t\t<\/div>\n\t\t\t\t\t<\/div>\n\t\t\t\t<\/div>\n\t\t<div class=\"elementor-element elementor-element-731b83e e-flex e-con-boxed e-con e-parent\" data-id=\"731b83e\" data-element_type=\"container\" data-settings=\"{&quot;background_background&quot;:&quot;classic&quot;}\">\n\t\t\t\t\t<div class=\"e-con-inner\">\n\t\t<div class=\"elementor-element elementor-element-37ed19b e-con-full e-flex e-con e-child\" data-id=\"37ed19b\" data-element_type=\"container\">\n\t\t\t\t<div class=\"elementor-element elementor-element-549f5e5 elementor-widget elementor-widget-heading\" data-id=\"549f5e5\" data-element_type=\"widget\" data-widget_type=\"heading.default\">\n\t\t\t\t<div class=\"elementor-widget-container\">\n\t\t\t\t\t<h2 class=\"elementor-heading-title elementor-size-default\">PRAIA DE GRUMARI<\/h2>\t\t\t\t<\/div>\n\t\t\t\t<\/div>\n\t\t\t\t<div class=\"elementor-element elementor-element-08de93a elementor-widget elementor-widget-text-editor\" data-id=\"08de93a\" data-element_type=\"widget\" data-widget_type=\"text-editor.default\">\n\t\t\t\t<div class=\"elementor-widget-container\">\n\t\t\t\t\t\t\t\t\t<p>Localizada logo ap\u00f3s a praia do Abric\u00f3, Grumari fica a aproximadamente 15min da cobertura. Grumari \u00e9 uma praia bel\u00edssima, em 2022 foi a \u00fanica praia brasileira a entrar no ranking das 50 praias mais bonitas do mundo, onde ficou em 38o lugar.<\/p><p>Grumari tem um clima mais selvagem, vale levar o seu cooler com bebidas.<\/p><p>Chegue bem cedo, o estacionamento enche r\u00e1pido.<span class=\"Apple-converted-space\">\u00a0<\/span><\/p><p><a href=\"https:\/\/maps.app.goo.gl\/1Wc2NsE2EyoBnZWw8\" target=\"_blank\" rel=\"noopener\">Como chegar<\/a><\/p>\t\t\t\t\t\t\t\t<\/div>\n\t\t\t\t<\/div>\n\t\t\t\t<\/div>\n\t\t<div class=\"elementor-element elementor-element-f766282 e-con-full e-flex e-con e-child\" data-id=\"f766282\" data-element_type=\"container\">\n\t\t\t\t<div class=\"elementor-element elementor-element-60cc915 elementor-widget elementor-widget-image\" data-id=\"60cc915\" data-element_type=\"widget\" data-widget_type=\"image.default\">\n\t\t\t\t<div class=\"elementor-widget-container\">\n\t\t\t\t\t\t\t\t\t\t\t\t\t\t\t<img loading=\"lazy\" decoding=\"async\" width=\"950\" height=\"594\" src=\"https:\/\/coberturariomar.com\/wp-content\/uploads\/2024\/03\/Grumari-1024x640.jpg\" class=\"attachment-large size-large wp-image-7336\" alt=\"\" srcset=\"https:\/\/coberturariomar.com\/wp-content\/uploads\/2024\/03\/Grumari-1024x640.jpg 1024w, https:\/\/coberturariomar.com\/wp-content\/uploads\/2024\/03\/Grumari-300x188.jpg 300w, https:\/\/coberturariomar.com\/wp-content\/uploads\/2024\/03\/Grumari-600x375.jpg 600w, https:\/\/coberturariomar.com\/wp-content\/uploads\/2024\/03\/Grumari-1200x750.jpg 1200w, https:\/\/coberturariomar.com\/wp-content\/uploads\/2024\/03\/Grumari.jpg 1440w\" sizes=\"100vw\" \/>\t\t\t\t\t\t\t\t\t\t\t\t\t\t\t<\/div>\n\t\t\t\t<\/div>\n\t\t\t\t<\/div>\n\t\t\t\t\t<\/div>\n\t\t\t\t<\/div>\n\t\t<div class=\"elementor-element elementor-element-27527a8 e-flex e-con-boxed e-con e-parent\" data-id=\"27527a8\" data-element_type=\"container\" data-settings=\"{&quot;background_background&quot;:&quot;classic&quot;}\">\n\t\t\t\t\t<div class=\"e-con-inner\">\n\t\t<div class=\"elementor-element elementor-element-b53f69c e-con-full e-flex e-con e-child\" data-id=\"b53f69c\" data-element_type=\"container\">\n\t\t\t\t<div class=\"elementor-element elementor-element-5619d07 elementor-widget elementor-widget-heading\" data-id=\"5619d07\" data-element_type=\"widget\" data-widget_type=\"heading.default\">\n\t\t\t\t<div class=\"elementor-widget-container\">\n\t\t\t\t\t<h2 class=\"elementor-heading-title elementor-size-default\">PRAIA DA RESERVA<\/h2>\t\t\t\t<\/div>\n\t\t\t\t<\/div>\n\t\t\t\t<div class=\"elementor-element elementor-element-c7fda06 elementor-widget elementor-widget-text-editor\" data-id=\"c7fda06\" data-element_type=\"widget\" data-widget_type=\"text-editor.default\">\n\t\t\t\t<div class=\"elementor-widget-container\">\n\t\t\t\t\t\t\t\t\t<p>A Reserva \u00e9 uma praia extensa e pouco frequentada, ideal para quem procura um dia de sol bem tranquilo. Fica em uma \u00e1rea de prote\u00e7\u00e3o ambiental, n\u00e3o tem quisque nem estacionamento.<\/p><p>Fica a aproximadamente 2h de caminhada a partir da cobertura, onde a maior parte ser\u00e1 feita por um cal\u00e7ad\u00e3o arborizado muito agrad\u00e1vel.<\/p><p>A praia da Reserva possui areia fofa e branca, \u00e1guas cristalinas e vegeta\u00e7\u00e3o nativa<\/p><p><a href=\"https:\/\/maps.app.goo.gl\/PJLotkofoTfTRmhZ9\" target=\"_blank\" rel=\"noopener\">Como chegar<\/a><\/p>\t\t\t\t\t\t\t\t<\/div>\n\t\t\t\t<\/div>\n\t\t\t\t<\/div>\n\t\t<div class=\"elementor-element elementor-element-e286101 e-con-full e-flex e-con e-child\" data-id=\"e286101\" data-element_type=\"container\">\n\t\t\t\t<div class=\"elementor-element elementor-element-72854f7 elementor-widget elementor-widget-image\" data-id=\"72854f7\" data-element_type=\"widget\" data-widget_type=\"image.default\">\n\t\t\t\t<div class=\"elementor-widget-container\">\n\t\t\t\t\t\t\t\t\t\t\t\t\t\t\t<img loading=\"lazy\" decoding=\"async\" width=\"950\" height=\"594\" src=\"https:\/\/coberturariomar.com\/wp-content\/uploads\/2024\/03\/Reserva-1024x640.jpg\" class=\"attachment-large size-large wp-image-7340\" alt=\"\" srcset=\"https:\/\/coberturariomar.com\/wp-content\/uploads\/2024\/03\/Reserva-1024x640.jpg 1024w, https:\/\/coberturariomar.com\/wp-content\/uploads\/2024\/03\/Reserva-300x188.jpg 300w, https:\/\/coberturariomar.com\/wp-content\/uploads\/2024\/03\/Reserva-600x375.jpg 600w, https:\/\/coberturariomar.com\/wp-content\/uploads\/2024\/03\/Reserva-1200x750.jpg 1200w, https:\/\/coberturariomar.com\/wp-content\/uploads\/2024\/03\/Reserva.jpg 1440w\" sizes=\"100vw\" \/>\t\t\t\t\t\t\t\t\t\t\t\t\t\t\t<\/div>\n\t\t\t\t<\/div>\n\t\t\t\t<\/div>\n\t\t\t\t\t<\/div>\n\t\t\t\t<\/div>\n\t\t<div class=\"elementor-element elementor-element-3a9dc1c e-flex e-con-boxed e-con e-parent\" data-id=\"3a9dc1c\" data-element_type=\"container\" data-settings=\"{&quot;background_background&quot;:&quot;classic&quot;}\">\n\t\t\t\t\t<div class=\"e-con-inner\">\n\t\t<div class=\"elementor-element elementor-element-60f37fc e-con-full e-flex e-con e-child\" data-id=\"60f37fc\" data-element_type=\"container\">\n\t\t\t\t<div class=\"elementor-element elementor-element-4ddaddc elementor-widget elementor-widget-heading\" data-id=\"4ddaddc\" data-element_type=\"widget\" data-widget_type=\"heading.default\">\n\t\t\t\t<div class=\"elementor-widget-container\">\n\t\t\t\t\t<h2 class=\"elementor-heading-title elementor-size-default\">PRAIA DO RECREIO<\/h2>\t\t\t\t<\/div>\n\t\t\t\t<\/div>\n\t\t\t\t<div class=\"elementor-element elementor-element-1df931d elementor-widget elementor-widget-text-editor\" data-id=\"1df931d\" data-element_type=\"widget\" data-widget_type=\"text-editor.default\">\n\t\t\t\t<div class=\"elementor-widget-container\">\n\t\t\t\t\t\t\t\t\t<p>A Praia do Recreio tem uma extensa faixa de areia dourada e \u00e1guas cristalinas, encanta visitantes de todas as idades.<\/p><p>Seu ambiente descontra\u00eddo e familiar atrai tanto os moradores locais em busca de momentos de lazer quanto turistas em busca de experi\u00eancias aut\u00eanticas.<\/p><p>Nos fins-de-semana e feriados costuma ficar cheia.<\/p><p><a href=\"https:\/\/maps.app.goo.gl\/s4A1bpknqFK1PETCA\" target=\"_blank\" rel=\"noopener\">Como chegar<\/a><\/p>\t\t\t\t\t\t\t\t<\/div>\n\t\t\t\t<\/div>\n\t\t\t\t<\/div>\n\t\t<div class=\"elementor-element elementor-element-a29228b e-con-full e-flex e-con e-child\" data-id=\"a29228b\" data-element_type=\"container\">\n\t\t\t\t<div class=\"elementor-element elementor-element-b250c2a elementor-widget elementor-widget-image\" data-id=\"b250c2a\" data-element_type=\"widget\" data-widget_type=\"image.default\">\n\t\t\t\t<div class=\"elementor-widget-container\">\n\t\t\t\t\t\t\t\t\t\t\t\t\t\t\t<img loading=\"lazy\" decoding=\"async\" width=\"950\" height=\"594\" src=\"https:\/\/coberturariomar.com\/wp-content\/uploads\/2024\/03\/Recreio-1024x640.jpg\" class=\"attachment-large size-large wp-image-7347\" alt=\"\" srcset=\"https:\/\/coberturariomar.com\/wp-content\/uploads\/2024\/03\/Recreio-1024x640.jpg 1024w, https:\/\/coberturariomar.com\/wp-content\/uploads\/2024\/03\/Recreio-300x188.jpg 300w, https:\/\/coberturariomar.com\/wp-content\/uploads\/2024\/03\/Recreio-600x375.jpg 600w, https:\/\/coberturariomar.com\/wp-content\/uploads\/2024\/03\/Recreio-1200x750.jpg 1200w, https:\/\/coberturariomar.com\/wp-content\/uploads\/2024\/03\/Recreio.jpg 1440w\" sizes=\"100vw\" \/>\t\t\t\t\t\t\t\t\t\t\t\t\t\t\t<\/div>\n\t\t\t\t<\/div>\n\t\t\t\t<\/div>\n\t\t\t\t\t<\/div>\n\t\t\t\t<\/div>\n\t\t<div class=\"elementor-element elementor-element-6b8778bc e-flex e-con-boxed e-con e-parent\" data-id=\"6b8778bc\" data-element_type=\"container\">\n\t\t\t\t\t<div class=\"e-con-inner\">\n\t\t\t\t<div class=\"elementor-element elementor-element-6e3c955f elementor-widget elementor-widget-heading\" data-id=\"6e3c955f\" data-element_type=\"widget\" data-widget_type=\"heading.default\">\n\t\t\t\t<div class=\"elementor-widget-container\">\n\t\t\t\t\t<h3 class=\"elementor-heading-title elementor-size-default\">FAQ<\/h3>\t\t\t\t<\/div>\n\t\t\t\t<\/div>\n\t\t<div class=\"elementor-element elementor-element-20ceaf0 e-con-full e-flex e-con e-child\" data-id=\"20ceaf0\" data-element_type=\"container\">\n\t\t\t\t<div class=\"elementor-element elementor-element-324c471b elementor-widget__width-inherit elementor-widget elementor-widget-toggle\" data-id=\"324c471b\" data-element_type=\"widget\" data-widget_type=\"toggle.default\">\n\t\t\t\t<div class=\"elementor-widget-container\">\n\t\t\t\t\t\t\t<div class=\"elementor-toggle\">\n\t\t\t\t\t\t\t<div class=\"elementor-toggle-item\">\n\t\t\t\t\t<h4 id=\"elementor-tab-title-8431\" class=\"elementor-tab-title\" data-tab=\"1\" role=\"button\" aria-controls=\"elementor-tab-content-8431\" aria-expanded=\"false\">\n\t\t\t\t\t\t\t\t\t\t\t\t<a class=\"elementor-toggle-title\" tabindex=\"0\">Quais as praias que preciso chegar cedo?<\/a>\n\t\t\t\t\t<\/h4>\n\n\t\t\t\t\t<div id=\"elementor-tab-content-8431\" class=\"elementor-tab-content elementor-clearfix\" data-tab=\"1\" role=\"region\" aria-labelledby=\"elementor-tab-title-8431\"><p>Prainha \u00e9 a praia que \u00e9 preciso chegar bem cedo.<\/p><p>Por ser bem pequena e muito procurada para o surfe e banho. o estacionamento lota muito rapidamente.<\/p><\/div>\n\t\t\t\t<\/div>\n\t\t\t\t\t\t\t<div class=\"elementor-toggle-item\">\n\t\t\t\t\t<h4 id=\"elementor-tab-title-8432\" class=\"elementor-tab-title\" data-tab=\"2\" role=\"button\" aria-controls=\"elementor-tab-content-8432\" aria-expanded=\"false\">\n\t\t\t\t\t\t\t\t\t\t\t\t<a class=\"elementor-toggle-title\" tabindex=\"0\">H\u00e1 estacionamento em todas as praias?<\/a>\n\t\t\t\t\t<\/h4>\n\n\t\t\t\t\t<div id=\"elementor-tab-content-8432\" class=\"elementor-tab-content elementor-clearfix\" data-tab=\"2\" role=\"region\" aria-labelledby=\"elementor-tab-title-8432\"><p>Sim, \u00e9 poss\u00edvel ir de carro em todas e estacionar. Por\u00e9m, a Prainha possui um estacionamento reduzido e costuma lotar logo cedo.<\/p><\/div>\n\t\t\t\t<\/div>\n\t\t\t\t\t\t\t\t<\/div>\n\t\t\t\t\t\t<\/div>\n\t\t\t\t<\/div>\n\t\t\t\t<div class=\"elementor-element elementor-element-6efabc elementor-widget__width-inherit elementor-widget elementor-widget-toggle\" data-id=\"6efabc\" data-element_type=\"widget\" data-widget_type=\"toggle.default\">\n\t\t\t\t<div class=\"elementor-widget-container\">\n\t\t\t\t\t\t\t<div class=\"elementor-toggle\">\n\t\t\t\t\t\t\t<div class=\"elementor-toggle-item\">\n\t\t\t\t\t<h4 id=\"elementor-tab-title-7271\" class=\"elementor-tab-title\" data-tab=\"1\" role=\"button\" aria-controls=\"elementor-tab-content-7271\" aria-expanded=\"false\">\n\t\t\t\t\t\t\t\t\t\t\t\t<a class=\"elementor-toggle-title\" tabindex=\"0\">Quais praias s\u00e3o mais seguras para banhistas?<\/a>\n\t\t\t\t\t<\/h4>\n\n\t\t\t\t\t<div id=\"elementor-tab-content-7271\" class=\"elementor-tab-content elementor-clearfix\" data-tab=\"1\" role=\"region\" aria-labelledby=\"elementor-tab-title-7271\"><p>Esta \u00e9 uma informa\u00e7\u00e3o que depende das condi\u00e7\u00f5es do dia.<\/p><p>Em qualquer praia que for voc\u00ea deve sempre checar as orienta\u00e7\u00f5es dos salva-vidas.<\/p><\/div>\n\t\t\t\t<\/div>\n\t\t\t\t\t\t\t<div class=\"elementor-toggle-item\">\n\t\t\t\t\t<h4 id=\"elementor-tab-title-7272\" class=\"elementor-tab-title\" data-tab=\"2\" role=\"button\" aria-controls=\"elementor-tab-content-7272\" aria-expanded=\"false\">\n\t\t\t\t\t\t\t\t\t\t\t\t<a class=\"elementor-toggle-title\" tabindex=\"0\">Quais praias s\u00e3o mais acess\u00edveis?<\/a>\n\t\t\t\t\t<\/h4>\n\n\t\t\t\t\t<div id=\"elementor-tab-content-7272\" class=\"elementor-tab-content elementor-clearfix\" data-tab=\"2\" role=\"region\" aria-labelledby=\"elementor-tab-title-7272\"><p>Somente a Praia do Secreto tem o acesso mais complicado. Todas as demais s\u00e3o de f\u00e1cil acesso.<\/p><p>\u00a0<\/p><\/div>\n\t\t\t\t<\/div>\n\t\t\t\t\t\t\t\t<\/div>\n\t\t\t\t\t\t<\/div>\n\t\t\t\t<\/div>\n\t\t\t\t<\/div>\n\t\t\t\t\t<\/div>\n\t\t\t\t<\/div>\n\t\t\t\t<\/div>\n\t\t","protected":false},"excerpt":{"rendered":"<p>As Praias Estas s\u00e3o algumas sugest\u00f5es das mais bonitas praias para voc\u00ea conhecer. Todas pr\u00f3prias para banho. PRAIA DA MACUMBA \u00c9 a praia em frente \u00e0 cobertura. A praia da Macumba \u00e9 o para\u00edso para os praticantes de longboard e surf devido \u00e0s suas ondas perfeitas. \u00c9 considerada o Hava\u00ed carioca, muitos famosos surfam nessa &hellip; <\/p>\n<p class=\"link-more\"><a href=\"https:\/\/coberturariomar.com\/index.php\/praias\/\" class=\"more-link\">Read more<span class=\"screen-reader-text\"> &#8220;Praias&#8221;<\/span><\/a><\/p>\n","protected":false},"author":1,"featured_media":0,"parent":0,"menu_order":0,"comment_status":"closed","ping_status":"closed","template":"page-templates\/full-width-builder-bb.php","meta":{"footnotes":""},"class_list":["post-7448","page","type-page","status-publish","hentry"],"aioseo_notices":[],"featured_media_urls":[],"_links":{"self":[{"href":"https:\/\/coberturariomar.com\/index.php\/wp-json\/wp\/v2\/pages\/7448","targetHints":{"allow":["GET"]}}],"collection":[{"href":"https:\/\/coberturariomar.com\/index.php\/wp-json\/wp\/v2\/pages"}],"about":[{"href":"https:\/\/coberturariomar.com\/index.php\/wp-json\/wp\/v2\/types\/page"}],"author":[{"embeddable":true,"href":"https:\/\/coberturariomar.com\/index.php\/wp-json\/wp\/v2\/users\/1"}],"replies":[{"embeddable":true,"href":"https:\/\/coberturariomar.com\/index.php\/wp-json\/wp\/v2\/comments?post=7448"}],"version-history":[{"count":75,"href":"https:\/\/coberturariomar.com\/index.php\/wp-json\/wp\/v2\/pages\/7448\/revisions"}],"predecessor-version":[{"id":7614,"href":"https:\/\/coberturariomar.com\/index.php\/wp-json\/wp\/v2\/pages\/7448\/revisions\/7614"}],"wp:attachment":[{"href":"https:\/\/coberturariomar.com\/index.php\/wp-json\/wp\/v2\/media?parent=7448"}],"curies":[{"name":"wp","href":"https:\/\/api.w.org\/{rel}","templated":true}]}}